{"id":79402517,"date":"2021-05-31T17:48:53","date_gmt":"2021-05-31T20:48:53","guid":{"rendered":"https:\/\/blog.grancursosonline.com.br\/?page_id=79402517"},"modified":"2021-05-31T17:48:53","modified_gmt":"2021-05-31T20:48:53","slug":"pa","status":"publish","type":"page","link":"https:\/\/faculdade.grancursosonline.com.br\/blog\/pa\/","title":{"rendered":"Concursos P\u00fablicos no Par\u00e1 PA | 2021"},"content":{"rendered":"<h2 class=\"post-title left\">Lista dos Concursos P\u00fablicos abertos, previstos e em andamento no estado do Par\u00e1 PA.<\/h2>\n<\/p>\n<div class=\"container-tabela\"><table>\n<thead>\n<tr>\n<th>Org\u00e3o<\/th>\n<th>Escolaridade<\/th>\n<\/tr>\n<\/thead>\n<tbody>\n<tr>\n<td><a href=\"https:\/\/blog.grancursosonline.com.br\/concurso-trf1-juiz\/\" target=\"_blank\" rel=\"noopener\">Concurso TRF 1 Juiz Tribunal Regional Federal da 1\u00aa Regi\u00e3o<\/a><\/td>\n<td>N\u00edvel superior<\/td>\n<\/tr>\n<tr>\n<td><a href=\"https:\/\/blog.grancursosonline.com.br\/concurso-pge-pa\" target=\"_blank\" rel=\"noopener\">Concurso PGE PA Procuradoria-geral do estado do Par\u00e1<\/a><\/td>\n<td>N\u00edveis m\u00e9dio e superior<\/td>\n<\/tr>\n<tr>\n<td><a href=\"https:\/\/blog.grancursosonline.com.br\/concurso-jucepa\" target=\"_blank\" rel=\"noopener\">Concurso JUCEPA\u00a0 Junta Comercial do Estado do Par\u00e1\u00a0<\/a><\/td>\n<td>N\u00edveis m\u00e9dio e superior<\/td>\n<\/tr>\n<tr>\n<td><a href=\"https:\/\/blog.grancursosonline.com.br\/concurso-age-pa\/\" target=\"_blank\" rel=\"noopener\">Concurso AGE PA Auditoria Geral do Estado<\/a><\/td>\n<td>N\u00edveis m\u00e9dio e superior<\/td>\n<\/tr>\n<tr>\n<td><a href=\"https:\/\/blog.grancursosonline.com.br\/concurso-seplad-pa\/\" target=\"_blank\" rel=\"noopener\">Concurso SEPLAD PA Secretaria de estado de Planejamento e Administra\u00e7\u00e3o do estado do Par\u00e1<\/a><\/td>\n<td>N\u00edvel superior<\/td>\n<\/tr>\n<tr>\n<td><a href=\"https:\/\/blog.grancursosonline.com.br\/concurso-crbm-4-2019\/\" target=\"_blank\" rel=\"noopener\">Conselho Regional de Biomedicina da 4\u00aa Regi\u00e3o<\/a><\/td>\n<td>N\u00edveis m\u00e9dio e superior<\/td>\n<\/tr>\n<tr>\n<td><a href=\"https:\/\/blog.grancursosonline.com.br\/concurso-sespa-pa\/\" target=\"_blank\" rel=\"noopener\">Concurso SESPA Secretaria de Sa\u00fade P\u00fablica do Estado do Par\u00e1<\/a><\/td>\n<td>N\u00edveis m\u00e9dio e superior<\/td>\n<\/tr>\n<tr>\n<td><a href=\"https:\/\/blog.grancursosonline.com.br\/concurso-mpcm-pa\" target=\"_blank\" rel=\"noopener\">Concurso MPCM PA Minist\u00e9rio P\u00fablico de Contas dos Munic\u00edpios do Estado do Par\u00e1<\/a><\/td>\n<td>N\u00edvel superior<\/td>\n<\/tr>\n<tr>\n<td><a href=\"https:\/\/blog.grancursosonline.com.br\/concurso-moju-pa\/\" target=\"_blank\" rel=\"noopener\">Concurso da Prefeitura de Moju PA<\/a><\/td>\n<td>N\u00edveis fundamental, m\u00e9dio e superior<\/td>\n<\/tr>\n<tr>\n<td><a href=\"https:\/\/blog.grancursosonline.com.br\/concurso-bombeiro-pa\/\" target=\"_blank\" rel=\"noopener\">Concurso CBM PA Corpo de Bombeiros do Estado do Par\u00e1<\/a><\/td>\n<td>N\u00edveis m\u00e9dio e superior<\/td>\n<\/tr>\n<tr>\n<td><a href=\"https:\/\/blog.grancursosonline.com.br\/concursos-para-2021\" target=\"_blank\" rel=\"noopener\">Concurso Arcon PA Ag\u00eancia de Regula\u00e7\u00e3o e Controle de Servi\u00e7os do Estado do Par\u00e1\u00a0<\/a><\/td>\n<td>A definir<\/td>\n<\/tr>\n<tr>\n<td><a href=\"https:\/\/blog.grancursosonline.com.br\/concurso-santarem-pa\/\" target=\"_blank\" rel=\"noopener\">Concurso da Prefeitura Municipal de Santar\u00e9m PA<\/a><\/td>\n<td>N\u00edveis m\u00e9dio e superior<\/td>\n<\/tr>\n<tr>\n<td><a href=\"https:\/\/blog.grancursosonline.com.br\/concurso-codem-belem-pa\/\" target=\"_blank\" rel=\"noopener\">Concurso CODEM Bel\u00e9m PA<\/a><\/td>\n<td>A definir<\/td>\n<\/tr>\n<tr>\n<td><a href=\"https:\/\/blog.grancursosonline.com.br\/concurso-pgm-belem-comissao-formada\/\" target=\"_blank\" rel=\"noopener\">Concurso PGM Bel\u00e9m Procuradoria-Geral do Munic\u00edpio de Bel\u00e9m<\/a><\/td>\n<td>N\u00edvel superior<\/td>\n<\/tr>\n<tr>\n<td><a href=\"https:\/\/blog.grancursosonline.com.br\/concurso-sefa-pa\/\" target=\"_blank\" rel=\"noopener\">Concurso SEFA PA\u00a0Secretaria de Estado da Fazenda do Par\u00e1<\/a><\/td>\n<td>N\u00edvel superior<\/td>\n<\/tr>\n<tr>\n<td><a href=\"https:\/\/blog.grancursosonline.com.br\/concurso-seap-pa\" target=\"_blank\" rel=\"noopener\">Concurso SEAP PA Secretaria de Estado de Administra\u00e7\u00e3o Penitenci\u00e1ria<\/a><\/td>\n<td>N\u00edvel m\u00e9dio<\/td>\n<\/tr>\n<tr>\n<td><a href=\"https:\/\/blog.grancursosonline.com.br\/concurso-fasepa\/\" target=\"_blank\" rel=\"noopener\">Concurso FASEPA Secretaria de Planejamento e Administra\u00e7\u00e3o do Par\u00e1<\/a><\/td>\n<td>N\u00edveis m\u00e9dio e superior<\/td>\n<\/tr>\n<tr>\n<td><a href=\"https:\/\/blog.grancursosonline.com.br\/concurso-semas-pa\/\" target=\"_blank\" rel=\"noopener\">Concurso SEMAS PA Secretaria de Estado de Meio Ambiente e Sustentabilidade<\/a><\/td>\n<td>A definir<\/td>\n<\/tr>\n<tr>\n<td><a href=\"https:\/\/blog.grancursosonline.com.br\/concurso-agtran-pa\/\" target=\"_blank\" rel=\"noopener\">Concurso AGTRAN PA Ag\u00eancia de Transporte Metropolitano<\/a><\/td>\n<td>N\u00edveis m\u00e9dio e superior<\/td>\n<\/tr>\n<tr>\n<td><a href=\"https:\/\/blog.grancursosonline.com.br\/concurso-seduc-pa\/\" target=\"_blank\" rel=\"noopener\">Concurso Seduc PA Secretaria de Educa\u00e7\u00e3o do Estado do Par\u00e1<\/a><\/td>\n<td>N\u00edvel superior<\/td>\n<\/tr>\n<tr>\n<td><a href=\"https:\/\/blog.grancursosonline.com.br\/concurso-mp-pa\" target=\"_blank\" rel=\"noopener\">Concurso MP PA Minist\u00e9rio P\u00fablico do Estado do Par\u00e1<\/a><\/td>\n<td>N\u00edveis m\u00e9dio e superior<\/td>\n<\/tr>\n<tr>\n<td><a href=\"https:\/\/blog.grancursosonline.com.br\/concurso-santa-casa-pa\/\" target=\"_blank\" rel=\"noopener\">Concurso Santa Casa Funda\u00e7\u00e3o Santa Casa de Miseric\u00f3rdia do Par\u00e1<\/a><\/td>\n<td>A definir<\/td>\n<\/tr>\n<tr>\n<td><a href=\"https:\/\/blog.grancursosonline.com.br\/concurso-detran-pa\/\" target=\"_blank\" rel=\"noopener\">Concurso Detran PA Departamento de Tr\u00e2nsito do Par\u00e1\u00a0<\/a><\/td>\n<td>N\u00edvel m\u00e9dio<\/td>\n<\/tr>\n<tr>\n<td><a href=\"https:\/\/blog.grancursosonline.com.br\/concurso-hemopa\/\" target=\"_blank\" rel=\"noopener\">Concurso HEMOPA Funda\u00e7\u00e3o Centro de Hematologia e Hemoterapia do Par\u00e1<\/a><\/td>\n<td>N\u00edveis m\u00e9dio e superior<\/td>\n<\/tr>\n<tr>\n<td><a href=\"https:\/\/blog.grancursosonline.com.br\/concurso-igeprev-pa\" target=\"_blank\" rel=\"noopener\">Concurso IGEPREV PA Instituto de Gest\u00e3o Previdenci\u00e1ria do Estado do Par\u00e1<\/a><\/td>\n<td>N\u00edvel superior<\/td>\n<\/tr>\n<\/tbody>\n<\/table><\/div>\n<p>\n","protected":false},"excerpt":{"rendered":"<p>Lista dos Concursos P\u00fablicos abertos, previstos e em andamento no estado do Par\u00e1 PA.<\/p>\n","protected":false},"author":487,"featured_media":0,"parent":0,"menu_order":0,"comment_status":"closed","ping_status":"closed","template":"","meta":{"_acf_changed":false,"content-type":"","footnotes":""},"class_list":["post-79402517","page","type-page","status-publish","hentry"],"acf":[],"yoast_head":"<!-- This site is optimized with the Yoast SEO Premium plugin v27.2 (Yoast SEO v27.2) - https:\/\/yoast.com\/product\/yoast-seo-premium-wordpress\/ -->\n<title>Concursos P\u00fablicos no Par\u00e1 PA | 2021 | Blog Gran Faculdade<\/title>\n<meta name=\"description\" content=\"Concursos PA: Lista dos Concursos P\u00fablicos no estado do Par\u00e1. Concursos Abertos, Previstos e em Andamento. Confira!\" \/>\n<meta name=\"robots\" content=\"index, follow, max-snippet:-1, max-image-preview:large, max-video-preview:-1\" \/>\n<link rel=\"canonical\" href=\"https:\/\/faculdade.grancursosonline.com.br\/blog\/pa\/\" \/>\n<meta property=\"og:locale\" content=\"pt_BR\" \/>\n<meta property=\"og:type\" content=\"article\" \/>\n<meta property=\"og:title\" content=\"Concursos P\u00fablicos no Par\u00e1 PA | 2021\" \/>\n<meta property=\"og:description\" content=\"Concursos PA: Lista dos Concursos P\u00fablicos no estado do Par\u00e1. Concursos Abertos, Previstos e em Andamento. Confira!\" \/>\n<meta property=\"og:url\" content=\"https:\/\/faculdade.grancursosonline.com.br\/blog\/pa\/\" \/>\n<meta property=\"og:site_name\" content=\"Blog Gran Faculdade\" \/>\n<meta property=\"article:publisher\" content=\"https:\/\/www.facebook.com\/grancursosonline\/\" \/>\n<meta property=\"og:image\" content=\"https:\/\/blog-es-static.infra.grancursosonline.com.br\/wp-content\/uploads\/2024\/12\/13165451\/blog-gran-faculdade.webp\" \/>\n\t<meta property=\"og:image:width\" content=\"1201\" \/>\n\t<meta property=\"og:image:height\" content=\"676\" \/>\n\t<meta property=\"og:image:type\" content=\"image\/webp\" \/>\n<meta name=\"twitter:card\" content=\"summary_large_image\" \/>\n<meta name=\"twitter:site\" content=\"@gran_online\" \/>\n<meta name=\"twitter:label1\" content=\"Est. reading time\" \/>\n\t<meta name=\"twitter:data1\" content=\"2 minutos\" \/>\n<script type=\"application\/ld+json\" class=\"yoast-schema-graph\">{\"@context\":\"https:\/\/schema.org\",\"@graph\":[{\"@type\":\"WebPage\",\"@id\":\"https:\/\/faculdade.grancursosonline.com.br\/blog\/pa\/\",\"url\":\"https:\/\/faculdade.grancursosonline.com.br\/blog\/pa\/\",\"name\":\"Concursos P\u00fablicos no Par\u00e1 PA | 2021 | Blog Gran Faculdade\",\"isPartOf\":{\"@id\":\"https:\/\/faculdade.grancursosonline.com.br\/blog\/#website\"},\"datePublished\":\"2021-05-31T20:48:53+00:00\",\"description\":\"Concursos PA: Lista dos Concursos P\u00fablicos no estado do Par\u00e1. Concursos Abertos, Previstos e em Andamento. Confira!\",\"breadcrumb\":{\"@id\":\"https:\/\/faculdade.grancursosonline.com.br\/blog\/pa\/#breadcrumb\"},\"inLanguage\":\"pt-BR\",\"potentialAction\":[{\"@type\":\"ReadAction\",\"target\":[\"https:\/\/faculdade.grancursosonline.com.br\/blog\/pa\/\"]}]},{\"@type\":\"BreadcrumbList\",\"@id\":\"https:\/\/faculdade.grancursosonline.com.br\/blog\/pa\/#breadcrumb\",\"itemListElement\":[{\"@type\":\"ListItem\",\"position\":1,\"name\":\"In\u00edcio\",\"item\":\"https:\/\/faculdade.grancursosonline.com.br\/blog\/\"},{\"@type\":\"ListItem\",\"position\":2,\"name\":\"Concursos P\u00fablicos no Par\u00e1 PA | 2021\"}]},{\"@type\":\"WebSite\",\"@id\":\"https:\/\/faculdade.grancursosonline.com.br\/blog\/#website\",\"url\":\"https:\/\/faculdade.grancursosonline.com.br\/blog\/\",\"name\":\"Blog Gran Faculdade\",\"description\":\"Tudo sobre ensino superior, p\u00f3s-gradua\u00e7\u00e3o, enem e carreira.\",\"publisher\":{\"@id\":\"https:\/\/faculdade.grancursosonline.com.br\/blog\/#organization\"},\"potentialAction\":[{\"@type\":\"SearchAction\",\"target\":{\"@type\":\"EntryPoint\",\"urlTemplate\":\"https:\/\/faculdade.grancursosonline.com.br\/blog\/?s={search_term_string}\"},\"query-input\":{\"@type\":\"PropertyValueSpecification\",\"valueRequired\":true,\"valueName\":\"search_term_string\"}}],\"inLanguage\":\"pt-BR\"},{\"@type\":\"Organization\",\"@id\":\"https:\/\/faculdade.grancursosonline.com.br\/blog\/#organization\",\"name\":\"Gran Cursos Online\",\"url\":\"https:\/\/faculdade.grancursosonline.com.br\/blog\/\",\"logo\":{\"@type\":\"ImageObject\",\"inLanguage\":\"pt-BR\",\"@id\":\"https:\/\/faculdade.grancursosonline.com.br\/blog\/#\/schema\/logo\/image\/\",\"url\":\"https:\/\/blog-es-static.infra.grancursosonline.com.br\/wp-content\/uploads\/2019\/08\/03123934\/logo.png\",\"contentUrl\":\"https:\/\/blog-es-static.infra.grancursosonline.com.br\/wp-content\/uploads\/2019\/08\/03123934\/logo.png\",\"width\":300,\"height\":57,\"caption\":\"Gran Cursos Online\"},\"image\":{\"@id\":\"https:\/\/faculdade.grancursosonline.com.br\/blog\/#\/schema\/logo\/image\/\"},\"sameAs\":[\"https:\/\/www.facebook.com\/grancursosonline\/\",\"https:\/\/x.com\/gran_online\",\"https:\/\/www.instagram.com\/grancursosonline\/\",\"https:\/\/www.youtube.com\/user\/grancursostv\"]}]}<\/script>\n<!-- \/ Yoast SEO Premium plugin. -->","yoast_head_json":{"title":"Concursos P\u00fablicos no Par\u00e1 PA | 2021 | Blog Gran Faculdade","description":"Concursos PA: Lista dos Concursos P\u00fablicos no estado do Par\u00e1. Concursos Abertos, Previstos e em Andamento. Confira!","robots":{"index":"index","follow":"follow","max-snippet":"max-snippet:-1","max-image-preview":"max-image-preview:large","max-video-preview":"max-video-preview:-1"},"canonical":"https:\/\/faculdade.grancursosonline.com.br\/blog\/pa\/","og_locale":"pt_BR","og_type":"article","og_title":"Concursos P\u00fablicos no Par\u00e1 PA | 2021","og_description":"Concursos PA: Lista dos Concursos P\u00fablicos no estado do Par\u00e1. Concursos Abertos, Previstos e em Andamento. Confira!","og_url":"https:\/\/faculdade.grancursosonline.com.br\/blog\/pa\/","og_site_name":"Blog Gran Faculdade","article_publisher":"https:\/\/www.facebook.com\/grancursosonline\/","og_image":[{"width":1201,"height":676,"url":"https:\/\/blog-es-static.infra.grancursosonline.com.br\/wp-content\/uploads\/2024\/12\/13165451\/blog-gran-faculdade.webp","type":"image\/webp"}],"twitter_card":"summary_large_image","twitter_site":"@gran_online","twitter_misc":{"Est. reading time":"2 minutos"},"schema":{"@context":"https:\/\/schema.org","@graph":[{"@type":"WebPage","@id":"https:\/\/faculdade.grancursosonline.com.br\/blog\/pa\/","url":"https:\/\/faculdade.grancursosonline.com.br\/blog\/pa\/","name":"Concursos P\u00fablicos no Par\u00e1 PA | 2021 | Blog Gran Faculdade","isPartOf":{"@id":"https:\/\/faculdade.grancursosonline.com.br\/blog\/#website"},"datePublished":"2021-05-31T20:48:53+00:00","description":"Concursos PA: Lista dos Concursos P\u00fablicos no estado do Par\u00e1. Concursos Abertos, Previstos e em Andamento. Confira!","breadcrumb":{"@id":"https:\/\/faculdade.grancursosonline.com.br\/blog\/pa\/#breadcrumb"},"inLanguage":"pt-BR","potentialAction":[{"@type":"ReadAction","target":["https:\/\/faculdade.grancursosonline.com.br\/blog\/pa\/"]}]},{"@type":"BreadcrumbList","@id":"https:\/\/faculdade.grancursosonline.com.br\/blog\/pa\/#breadcrumb","itemListElement":[{"@type":"ListItem","position":1,"name":"In\u00edcio","item":"https:\/\/faculdade.grancursosonline.com.br\/blog\/"},{"@type":"ListItem","position":2,"name":"Concursos P\u00fablicos no Par\u00e1 PA | 2021"}]},{"@type":"WebSite","@id":"https:\/\/faculdade.grancursosonline.com.br\/blog\/#website","url":"https:\/\/faculdade.grancursosonline.com.br\/blog\/","name":"Blog Gran Faculdade","description":"Tudo sobre ensino superior, p\u00f3s-gradua\u00e7\u00e3o, enem e carreira.","publisher":{"@id":"https:\/\/faculdade.grancursosonline.com.br\/blog\/#organization"},"potentialAction":[{"@type":"SearchAction","target":{"@type":"EntryPoint","urlTemplate":"https:\/\/faculdade.grancursosonline.com.br\/blog\/?s={search_term_string}"},"query-input":{"@type":"PropertyValueSpecification","valueRequired":true,"valueName":"search_term_string"}}],"inLanguage":"pt-BR"},{"@type":"Organization","@id":"https:\/\/faculdade.grancursosonline.com.br\/blog\/#organization","name":"Gran Cursos Online","url":"https:\/\/faculdade.grancursosonline.com.br\/blog\/","logo":{"@type":"ImageObject","inLanguage":"pt-BR","@id":"https:\/\/faculdade.grancursosonline.com.br\/blog\/#\/schema\/logo\/image\/","url":"https:\/\/blog-es-static.infra.grancursosonline.com.br\/wp-content\/uploads\/2019\/08\/03123934\/logo.png","contentUrl":"https:\/\/blog-es-static.infra.grancursosonline.com.br\/wp-content\/uploads\/2019\/08\/03123934\/logo.png","width":300,"height":57,"caption":"Gran Cursos Online"},"image":{"@id":"https:\/\/faculdade.grancursosonline.com.br\/blog\/#\/schema\/logo\/image\/"},"sameAs":["https:\/\/www.facebook.com\/grancursosonline\/","https:\/\/x.com\/gran_online","https:\/\/www.instagram.com\/grancursosonline\/","https:\/\/www.youtube.com\/user\/grancursostv"]}]}},"_links":{"self":[{"href":"https:\/\/faculdade.grancursosonline.com.br\/blog\/wp-json\/wp\/v2\/pages\/79402517","targetHints":{"allow":["GET"]}}],"collection":[{"href":"https:\/\/faculdade.grancursosonline.com.br\/blog\/wp-json\/wp\/v2\/pages"}],"about":[{"href":"https:\/\/faculdade.grancursosonline.com.br\/blog\/wp-json\/wp\/v2\/types\/page"}],"author":[{"embeddable":true,"href":"https:\/\/faculdade.grancursosonline.com.br\/blog\/wp-json\/wp\/v2\/users\/487"}],"replies":[{"embeddable":true,"href":"https:\/\/faculdade.grancursosonline.com.br\/blog\/wp-json\/wp\/v2\/comments?post=79402517"}],"version-history":[{"count":0,"href":"https:\/\/faculdade.grancursosonline.com.br\/blog\/wp-json\/wp\/v2\/pages\/79402517\/revisions"}],"wp:attachment":[{"href":"https:\/\/faculdade.grancursosonline.com.br\/blog\/wp-json\/wp\/v2\/media?parent=79402517"}],"curies":[{"name":"wp","href":"https:\/\/api.w.org\/{rel}","templated":true}]}}